{"id":943,"date":"2021-05-19T11:46:48","date_gmt":"2021-05-19T11:46:48","guid":{"rendered":"https:\/\/theshrimp.dk\/menu\/"},"modified":"2026-04-30T19:49:50","modified_gmt":"2026-04-30T19:49:50","slug":"menu","status":"publish","type":"page","link":"https:\/\/theshrimp.dk\/da\/menu\/","title":{"rendered":"menu"},"content":{"rendered":"<p>[et_pb_section fb_built=&#8221;1&#8243; admin_label=&#8221;Our Story&#8221; _builder_version=&#8221;4.16&#8243; background_color=&#8221;#ffffff&#8221; background_position=&#8221;top_left&#8221; custom_padding=&#8221;21px|0px|7px|0px||&#8221; collapsed=&#8221;off&#8221; global_colors_info=&#8221;{}&#8221;][et_pb_row admin_label=&#8221;PDF menu&#8221; _builder_version=&#8221;4.16&#8243; _module_preset=&#8221;default&#8221; global_colors_info=&#8221;{}&#8221;][et_pb_column type=&#8221;4_4&#8243; _builder_version=&#8221;4.16&#8243; _module_preset=&#8221;default&#8221; global_colors_info=&#8221;{}&#8221;][et_pb_text _builder_version=&#8221;4.16&#8243; _module_preset=&#8221;default&#8221; text_font=&#8221;Songti-regular||||||||&#8221; header_2_font=&#8221;Songti-regular||||||||&#8221; custom_margin=&#8221;||-52px|||&#8221; global_colors_info=&#8221;{}&#8221;]<\/p>\n<h2 style=\"text-align: center;\"><strong>MENU<\/strong><\/h2>\n<p style=\"text-align: center;\">\n<p><em> <\/em><\/p>\n<p><em><\/em><\/p>\n<p>[\/et_pb_text][\/et_pb_column][\/et_pb_row][\/et_pb_section][et_pb_section fb_built=&#8221;1&#8243; fullwidth=&#8221;on&#8221; _builder_version=&#8221;4.27.0&#8243; _module_preset=&#8221;default&#8221; global_colors_info=&#8221;{}&#8221;][et_pb_fullwidth_code _builder_version=&#8221;4.27.0&#8243; _module_preset=&#8221;default&#8221; hover_enabled=&#8221;0&#8243; global_colors_info=&#8221;{}&#8221; sticky_enabled=&#8221;0&#8243;]<a href=\"\/wp-content\/uploads\/2026\/04\/Menu_A5_1maj26_1.pdf\" class=\"pdfemb-viewer\" style=\"\" data-width=\"max\" data-height=\"max\" data-toolbar=\"bottom\" data-toolbar-fixed=\"off\">Menu_A5_1maj26_1<\/a><!-- [et_pb_line_break_holder] --><a href=\"\/wp-content\/uploads\/2026\/04\/Menu_A5_1maj26_2.pdf\" class=\"pdfemb-viewer\" style=\"\" data-width=\"max\" data-height=\"max\" data-toolbar=\"bottom\" data-toolbar-fixed=\"off\">Menu_A5_1maj26_2<\/a><!-- [et_pb_line_break_holder] --><a href=\"\/wp-content\/uploads\/2026\/04\/Menu_A5_1maj26_3.pdf\" class=\"pdfemb-viewer\" style=\"\" data-width=\"max\" data-height=\"max\" data-toolbar=\"bottom\" data-toolbar-fixed=\"off\">Menu_A5_1maj26_3<\/a><!-- [et_pb_line_break_holder] --><a href=\"\/wp-content\/uploads\/2026\/04\/Menu_A5_1maj26_4.pdf\" class=\"pdfemb-viewer\" style=\"\" data-width=\"max\" data-height=\"max\" data-toolbar=\"bottom\" data-toolbar-fixed=\"off\">Menu_A5_1maj26_4<\/a><!-- [et_pb_line_break_holder] --><a href=\"\/wp-content\/uploads\/2026\/04\/Menu_A5_1maj26_5.pdf\" class=\"pdfemb-viewer\" style=\"\" data-width=\"max\" data-height=\"max\" data-toolbar=\"bottom\" data-toolbar-fixed=\"off\">Menu_A5_1maj26_5<\/a>[\/et_pb_fullwidth_code][\/et_pb_section][et_pb_section fb_built=&#8221;1&#8243; admin_label=&#8221;Contact Us&#8221; _builder_version=&#8221;4.16&#8243; background_color=&#8221;#FFFFFF&#8221; background_image=&#8221;https:\/\/theshrimp.dk\/wp-content\/uploads\/2021\/05\/467A5004-scaled.jpg&#8221; background_enable_image=&#8221;off&#8221; background_blend=&#8221;color&#8221; custom_padding=&#8221;60px|0px|26px|0px||&#8221; saved_tabs=&#8221;all&#8221; locked=&#8221;off&#8221; collapsed=&#8221;off&#8221; global_colors_info=&#8221;{}&#8221;][et_pb_row column_structure=&#8221;1_3,1_3,1_3&#8243; module_id=&#8221;contact&#8221; _builder_version=&#8221;4.27.0&#8243; _module_preset=&#8221;default&#8221; background_color=&#8221;#003e32&#8243; custom_margin=&#8221;|auto|50px|auto||&#8221; global_colors_info=&#8221;{}&#8221;][et_pb_column type=&#8221;1_3&#8243; _builder_version=&#8221;4.16&#8243; _module_preset=&#8221;default&#8221; global_colors_info=&#8221;{}&#8221;][et_pb_text _builder_version=&#8221;4.27.0&#8243; text_font=&#8221;Museosans-300||||||||&#8221; text_text_color=&#8221;#FFFFFF&#8221; text_font_size=&#8221;17px&#8221; text_line_height=&#8221;1.8em&#8221; header_font=&#8221;||||||||&#8221; header_font_size=&#8221;24px&#8221; header_2_font=&#8221;Songti-regular||||||||&#8221; header_2_font_size=&#8221;50px&#8221; header_3_font=&#8221;Songti-regular||||||||&#8221; header_3_font_size=&#8221;30px&#8221; background_size=&#8221;initial&#8221; background_position=&#8221;top_left&#8221; background_repeat=&#8221;repeat&#8221; text_orientation=&#8221;center&#8221; background_layout=&#8221;dark&#8221; module_alignment=&#8221;center&#8221; custom_padding=&#8221;0px|||||&#8221; global_colors_info=&#8221;{}&#8221;]<\/p>\n<h2>Kontakt<\/h2>\n<p><strong>The Shrimp<\/strong><br \/><em>P\u00e5 Hotel Sankt Ann\u00e6<\/em><br \/>Sankt Ann\u00e6 Plads 20<br \/>1250 Kbh. K.<\/p>\n<p>&nbsp;<\/p>\n<p><strong>Mail:<\/strong> Hello@theshrimp.dk<\/p>\n<p>[\/et_pb_text][\/et_pb_column][et_pb_column type=&#8221;1_3&#8243; _builder_version=&#8221;4.16&#8243; _module_preset=&#8221;default&#8221; global_colors_info=&#8221;{}&#8221;][et_pb_text _builder_version=&#8221;4.27.0&#8243; text_font=&#8221;Museosans-300||||||||&#8221; text_text_color=&#8221;#FFFFFF&#8221; text_font_size=&#8221;17px&#8221; text_line_height=&#8221;1.8em&#8221; header_font=&#8221;||||||||&#8221; header_font_size=&#8221;24px&#8221; header_2_font=&#8221;Songti-regular||||||||&#8221; header_2_font_size=&#8221;50px&#8221; header_3_font=&#8221;Songti-regular||||||||&#8221; header_3_font_size=&#8221;30px&#8221; background_size=&#8221;initial&#8221; background_position=&#8221;top_left&#8221; background_repeat=&#8221;repeat&#8221; text_orientation=&#8221;center&#8221; background_layout=&#8221;dark&#8221; module_alignment=&#8221;center&#8221; custom_padding=&#8221;0px|||||&#8221; global_colors_info=&#8221;{}&#8221;]<\/p>\n<h2>Telefon<\/h2>\n<p>Telefonen er \u00e5ben<strong><br \/>S\u00f8nsdag til Mandag<\/strong><br \/>11.00 \u2013 19.30<\/p>\n<p><strong>Tirsdag til L\u00f8rdag<\/strong><br \/>11.00 \u2013 20.30<\/p>\n<p><strong>Telefon: <\/strong>73 70 62 42<\/p>\n<p>[\/et_pb_text][\/et_pb_column][et_pb_column type=&#8221;1_3&#8243; _builder_version=&#8221;4.16&#8243; _module_preset=&#8221;default&#8221; global_colors_info=&#8221;{}&#8221;][et_pb_text _builder_version=&#8221;4.27.0&#8243; text_font=&#8221;Museosans-300||||||||&#8221; text_font_size=&#8221;17px&#8221; text_line_height=&#8221;1.3em&#8221; header_font=&#8221;||||||||&#8221; header_2_font=&#8221;Songti-regular||||||||&#8221; header_2_font_size=&#8221;50px&#8221; header_3_font=&#8221;Songti-regular||||||||&#8221; header_3_font_size=&#8221;30px&#8221; header_3_line_height=&#8221;1.3em&#8221; background_size=&#8221;initial&#8221; background_position=&#8221;top_left&#8221; background_repeat=&#8221;repeat&#8221; text_orientation=&#8221;center&#8221; background_layout=&#8221;dark&#8221; max_width=&#8221;400px&#8221; module_alignment=&#8221;center&#8221; custom_margin=&#8221;||1px|||&#8221; custom_padding=&#8221;3px||4px|||&#8221; global_colors_info=&#8221;{}&#8221;]<\/p>\n<h2>\u00c5bningstider<\/h2>\n<p><strong>Mandag<\/strong> <strong>til L\u00f8rdag<\/strong><br \/>17.30 &#8211; 00.00<\/p>\n<p><strong>S\u00f8ndag<\/strong><br \/>Lukket<\/p>\n<p>[\/et_pb_text][et_pb_button button_url=&#8221;\/reservation&#8221; button_text=&#8221;Reserver bord&#8221; button_alignment=&#8221;center&#8221; _builder_version=&#8221;4.27.0&#8243; custom_button=&#8221;on&#8221; button_text_size=&#8221;15px&#8221; button_text_color=&#8221;#FFFFFF&#8221; button_bg_color=&#8221;RGBA(0,0,0,0)&#8221; button_border_width=&#8221;2px&#8221; button_border_color=&#8221;#FFFFFF&#8221; button_border_radius=&#8221;0px&#8221; button_letter_spacing=&#8221;2px&#8221; button_font=&#8221;Songti-regular|||on|||||&#8221; button_use_icon=&#8221;off&#8221; custom_margin=&#8221;67px|||||&#8221; button_border_radius_hover=&#8221;0px&#8221; button_letter_spacing_hover=&#8221;2px&#8221; global_colors_info=&#8221;{}&#8221; button_text_size__hover_enabled=&#8221;off&#8221; button_one_text_size__hover_enabled=&#8221;off&#8221; button_two_text_size__hover_enabled=&#8221;off&#8221; button_text_color__hover_enabled=&#8221;off&#8221; button_one_text_color__hover_enabled=&#8221;off&#8221; button_two_text_color__hover_enabled=&#8221;off&#8221; button_border_width__hover_enabled=&#8221;off&#8221; button_one_border_width__hover_enabled=&#8221;off&#8221; button_two_border_width__hover_enabled=&#8221;off&#8221; button_border_color__hover_enabled=&#8221;off&#8221; button_one_border_color__hover_enabled=&#8221;off&#8221; button_two_border_color__hover_enabled=&#8221;off&#8221; button_border_radius__hover_enabled=&#8221;on&#8221; button_border_radius__hover=&#8221;0px&#8221; button_one_border_radius__hover_enabled=&#8221;off&#8221; button_two_border_radius__hover_enabled=&#8221;off&#8221; button_letter_spacing__hover_enabled=&#8221;on&#8221; button_letter_spacing__hover=&#8221;2px&#8221; button_one_letter_spacing__hover_enabled=&#8221;off&#8221; button_two_letter_spacing__hover_enabled=&#8221;off&#8221; button_bg_color__hover_enabled=&#8221;off&#8221; button_one_bg_color__hover_enabled=&#8221;off&#8221; button_two_bg_color__hover_enabled=&#8221;off&#8221;][\/et_pb_button][\/et_pb_column][\/et_pb_row][\/et_pb_section]<\/p>\n","protected":false},"excerpt":{"rendered":"<p>MENU <a href=\"\/wp-content\/uploads\/2026\/04\/Menu_A5_1maj26_1.pdf\" class=\"pdfemb-viewer\" style=\"\" data-width=\"max\" data-height=\"max\" data-toolbar=\"bottom\" data-toolbar-fixed=\"off\">Menu_A5_1maj26_1<\/a><a href=\"\/wp-content\/uploads\/2026\/04\/Menu_A5_1maj26_2.pdf\" class=\"pdfemb-viewer\" style=\"\" data-width=\"max\" data-height=\"max\" data-toolbar=\"bottom\" data-toolbar-fixed=\"off\">Menu_A5_1maj26_2<\/a><a href=\"\/wp-content\/uploads\/2026\/04\/Menu_A5_1maj26_3.pdf\" class=\"pdfemb-viewer\" style=\"\" data-width=\"max\" data-height=\"max\" data-toolbar=\"bottom\" data-toolbar-fixed=\"off\">Menu_A5_1maj26_3<\/a><a href=\"\/wp-content\/uploads\/2026\/04\/Menu_A5_1maj26_4.pdf\" class=\"pdfemb-viewer\" style=\"\" data-width=\"max\" data-height=\"max\" data-toolbar=\"bottom\" data-toolbar-fixed=\"off\">Menu_A5_1maj26_4<\/a><a href=\"\/wp-content\/uploads\/2026\/04\/Menu_A5_1maj26_5.pdf\" class=\"pdfemb-viewer\" style=\"\" data-width=\"max\" data-height=\"max\" data-toolbar=\"bottom\" data-toolbar-fixed=\"off\">Menu_A5_1maj26_5<\/a>Kontakt The ShrimpP\u00e5 Hotel Sankt Ann\u00e6Sankt Ann\u00e6 Plads 201250 Kbh. K. &nbsp; Mail: Hello@theshrimp.dkTelefon Telefonen er \u00e5benS\u00f8nsdag til Mandag11.00 \u2013 19.30 Tirsdag til L\u00f8rdag11.00 \u2013 20.30 Telefon: 73 70 62 42\u00c5bningstider Mandag til L\u00f8rdag17.30 &#8211; 00.00 S\u00f8ndagLukket<\/p>\n","protected":false},"author":2,"featured_media":944,"parent":0,"menu_order":0,"comment_status":"closed","ping_status":"closed","template":"","meta":{"_et_pb_use_builder":"on","_et_pb_old_content":"","_et_gb_content_width":"","footnotes":""},"class_list":["post-943","page","type-page","status-publish","has-post-thumbnail","hentry"],"yoast_head":"<!-- This site is optimized with the Yoast SEO plugin v27.5 - https:\/\/yoast.com\/product\/yoast-seo-wordpress\/ -->\n<title>The Shrimp Menu - well-known classic dishes from around the world<\/title>\n<meta name=\"description\" content=\"The small menu consists of the dishes we ourselves love to sink our teeth into. The menu consists of well-known classic dishes, which we have collected from kitchens around the world.\" \/>\n<meta name=\"robots\" content=\"index, follow, max-snippet:-1, max-image-preview:large, max-video-preview:-1\" \/>\n<link rel=\"canonical\" href=\"https:\/\/theshrimp.dk\/da\/menu\/\" \/>\n<meta property=\"og:locale\" content=\"da_DK\" \/>\n<meta property=\"og:type\" content=\"article\" \/>\n<meta property=\"og:title\" content=\"The Shrimp Menu - well-known classic dishes from around the world\" \/>\n<meta property=\"og:description\" content=\"The small menu consists of the dishes we ourselves love to sink our teeth into. The menu consists of well-known classic dishes, which we have collected from kitchens around the world.\" \/>\n<meta property=\"og:url\" content=\"https:\/\/theshrimp.dk\/da\/menu\/\" \/>\n<meta property=\"og:site_name\" content=\"The Shrimp\" \/>\n<meta property=\"article:modified_time\" content=\"2026-04-30T19:49:50+00:00\" \/>\n<meta property=\"og:image\" content=\"https:\/\/theshrimp.dk\/wp-content\/uploads\/2021\/05\/467A5353-scaled.jpg\" \/>\n\t<meta property=\"og:image:width\" content=\"1707\" \/>\n\t<meta property=\"og:image:height\" content=\"2560\" \/>\n\t<meta property=\"og:image:type\" content=\"image\/jpeg\" \/>\n<meta name=\"twitter:card\" content=\"summary_large_image\" \/>\n<meta name=\"twitter:label1\" content=\"Estimeret l\u00e6setid\" \/>\n\t<meta name=\"twitter:data1\" content=\"6 minutter\" \/>\n<script type=\"application\/ld+json\" class=\"yoast-schema-graph\">{\"@context\":\"https:\\\/\\\/schema.org\",\"@graph\":[{\"@type\":\"WebPage\",\"@id\":\"https:\\\/\\\/theshrimp.dk\\\/da\\\/menu\\\/\",\"url\":\"https:\\\/\\\/theshrimp.dk\\\/da\\\/menu\\\/\",\"name\":\"The Shrimp Menu - well-known classic dishes from around the world\",\"isPartOf\":{\"@id\":\"https:\\\/\\\/theshrimp.dk\\\/#website\"},\"primaryImageOfPage\":{\"@id\":\"https:\\\/\\\/theshrimp.dk\\\/da\\\/menu\\\/#primaryimage\"},\"image\":{\"@id\":\"https:\\\/\\\/theshrimp.dk\\\/da\\\/menu\\\/#primaryimage\"},\"thumbnailUrl\":\"https:\\\/\\\/theshrimp.dk\\\/wp-content\\\/uploads\\\/2021\\\/05\\\/467A5353-scaled.jpg\",\"datePublished\":\"2021-05-19T11:46:48+00:00\",\"dateModified\":\"2026-04-30T19:49:50+00:00\",\"description\":\"The small menu consists of the dishes we ourselves love to sink our teeth into. The menu consists of well-known classic dishes, which we have collected from kitchens around the world.\",\"breadcrumb\":{\"@id\":\"https:\\\/\\\/theshrimp.dk\\\/da\\\/menu\\\/#breadcrumb\"},\"inLanguage\":\"da-DK\",\"potentialAction\":[{\"@type\":\"ReadAction\",\"target\":[\"https:\\\/\\\/theshrimp.dk\\\/da\\\/menu\\\/\"]}]},{\"@type\":\"ImageObject\",\"inLanguage\":\"da-DK\",\"@id\":\"https:\\\/\\\/theshrimp.dk\\\/da\\\/menu\\\/#primaryimage\",\"url\":\"https:\\\/\\\/theshrimp.dk\\\/wp-content\\\/uploads\\\/2021\\\/05\\\/467A5353-scaled.jpg\",\"contentUrl\":\"https:\\\/\\\/theshrimp.dk\\\/wp-content\\\/uploads\\\/2021\\\/05\\\/467A5353-scaled.jpg\",\"width\":1707,\"height\":2560},{\"@type\":\"BreadcrumbList\",\"@id\":\"https:\\\/\\\/theshrimp.dk\\\/da\\\/menu\\\/#breadcrumb\",\"itemListElement\":[{\"@type\":\"ListItem\",\"position\":1,\"name\":\"Hjem\",\"item\":\"https:\\\/\\\/theshrimp.dk\\\/da\\\/alternativ-forside\\\/\"},{\"@type\":\"ListItem\",\"position\":2,\"name\":\"menu\"}]},{\"@type\":\"WebSite\",\"@id\":\"https:\\\/\\\/theshrimp.dk\\\/#website\",\"url\":\"https:\\\/\\\/theshrimp.dk\\\/\",\"name\":\"The Shrimp\",\"description\":\"The Shrimp at hotel Skt. Ann\u00e6\",\"publisher\":{\"@id\":\"https:\\\/\\\/theshrimp.dk\\\/#organization\"},\"potentialAction\":[{\"@type\":\"SearchAction\",\"target\":{\"@type\":\"EntryPoint\",\"urlTemplate\":\"https:\\\/\\\/theshrimp.dk\\\/?s={search_term_string}\"},\"query-input\":{\"@type\":\"PropertyValueSpecification\",\"valueRequired\":true,\"valueName\":\"search_term_string\"}}],\"inLanguage\":\"da-DK\"},{\"@type\":\"Organization\",\"@id\":\"https:\\\/\\\/theshrimp.dk\\\/#organization\",\"name\":\"Grillbaren\",\"url\":\"https:\\\/\\\/theshrimp.dk\\\/\",\"logo\":{\"@type\":\"ImageObject\",\"inLanguage\":\"da-DK\",\"@id\":\"https:\\\/\\\/theshrimp.dk\\\/#\\\/schema\\\/logo\\\/image\\\/\",\"url\":\"https:\\\/\\\/theshrimp.dk\\\/wp-content\\\/uploads\\\/2021\\\/03\\\/Logo.png\",\"contentUrl\":\"https:\\\/\\\/theshrimp.dk\\\/wp-content\\\/uploads\\\/2021\\\/03\\\/Logo.png\",\"width\":847,\"height\":230,\"caption\":\"Grillbaren\"},\"image\":{\"@id\":\"https:\\\/\\\/theshrimp.dk\\\/#\\\/schema\\\/logo\\\/image\\\/\"}}]}<\/script>\n<!-- \/ Yoast SEO plugin. -->","yoast_head_json":{"title":"The Shrimp Menu - well-known classic dishes from around the world","description":"The small menu consists of the dishes we ourselves love to sink our teeth into. The menu consists of well-known classic dishes, which we have collected from kitchens around the world.","robots":{"index":"index","follow":"follow","max-snippet":"max-snippet:-1","max-image-preview":"max-image-preview:large","max-video-preview":"max-video-preview:-1"},"canonical":"https:\/\/theshrimp.dk\/da\/menu\/","og_locale":"da_DK","og_type":"article","og_title":"The Shrimp Menu - well-known classic dishes from around the world","og_description":"The small menu consists of the dishes we ourselves love to sink our teeth into. The menu consists of well-known classic dishes, which we have collected from kitchens around the world.","og_url":"https:\/\/theshrimp.dk\/da\/menu\/","og_site_name":"The Shrimp","article_modified_time":"2026-04-30T19:49:50+00:00","og_image":[{"width":1707,"height":2560,"url":"https:\/\/theshrimp.dk\/wp-content\/uploads\/2021\/05\/467A5353-scaled.jpg","type":"image\/jpeg"}],"twitter_card":"summary_large_image","twitter_misc":{"Estimeret l\u00e6setid":"6 minutter"},"schema":{"@context":"https:\/\/schema.org","@graph":[{"@type":"WebPage","@id":"https:\/\/theshrimp.dk\/da\/menu\/","url":"https:\/\/theshrimp.dk\/da\/menu\/","name":"The Shrimp Menu - well-known classic dishes from around the world","isPartOf":{"@id":"https:\/\/theshrimp.dk\/#website"},"primaryImageOfPage":{"@id":"https:\/\/theshrimp.dk\/da\/menu\/#primaryimage"},"image":{"@id":"https:\/\/theshrimp.dk\/da\/menu\/#primaryimage"},"thumbnailUrl":"https:\/\/theshrimp.dk\/wp-content\/uploads\/2021\/05\/467A5353-scaled.jpg","datePublished":"2021-05-19T11:46:48+00:00","dateModified":"2026-04-30T19:49:50+00:00","description":"The small menu consists of the dishes we ourselves love to sink our teeth into. The menu consists of well-known classic dishes, which we have collected from kitchens around the world.","breadcrumb":{"@id":"https:\/\/theshrimp.dk\/da\/menu\/#breadcrumb"},"inLanguage":"da-DK","potentialAction":[{"@type":"ReadAction","target":["https:\/\/theshrimp.dk\/da\/menu\/"]}]},{"@type":"ImageObject","inLanguage":"da-DK","@id":"https:\/\/theshrimp.dk\/da\/menu\/#primaryimage","url":"https:\/\/theshrimp.dk\/wp-content\/uploads\/2021\/05\/467A5353-scaled.jpg","contentUrl":"https:\/\/theshrimp.dk\/wp-content\/uploads\/2021\/05\/467A5353-scaled.jpg","width":1707,"height":2560},{"@type":"BreadcrumbList","@id":"https:\/\/theshrimp.dk\/da\/menu\/#breadcrumb","itemListElement":[{"@type":"ListItem","position":1,"name":"Hjem","item":"https:\/\/theshrimp.dk\/da\/alternativ-forside\/"},{"@type":"ListItem","position":2,"name":"menu"}]},{"@type":"WebSite","@id":"https:\/\/theshrimp.dk\/#website","url":"https:\/\/theshrimp.dk\/","name":"The Shrimp","description":"The Shrimp at hotel Skt. Ann\u00e6","publisher":{"@id":"https:\/\/theshrimp.dk\/#organization"},"potentialAction":[{"@type":"SearchAction","target":{"@type":"EntryPoint","urlTemplate":"https:\/\/theshrimp.dk\/?s={search_term_string}"},"query-input":{"@type":"PropertyValueSpecification","valueRequired":true,"valueName":"search_term_string"}}],"inLanguage":"da-DK"},{"@type":"Organization","@id":"https:\/\/theshrimp.dk\/#organization","name":"Grillbaren","url":"https:\/\/theshrimp.dk\/","logo":{"@type":"ImageObject","inLanguage":"da-DK","@id":"https:\/\/theshrimp.dk\/#\/schema\/logo\/image\/","url":"https:\/\/theshrimp.dk\/wp-content\/uploads\/2021\/03\/Logo.png","contentUrl":"https:\/\/theshrimp.dk\/wp-content\/uploads\/2021\/03\/Logo.png","width":847,"height":230,"caption":"Grillbaren"},"image":{"@id":"https:\/\/theshrimp.dk\/#\/schema\/logo\/image\/"}}]}},"_links":{"self":[{"href":"https:\/\/theshrimp.dk\/da\/wp-json\/wp\/v2\/pages\/943","targetHints":{"allow":["GET"]}}],"collection":[{"href":"https:\/\/theshrimp.dk\/da\/wp-json\/wp\/v2\/pages"}],"about":[{"href":"https:\/\/theshrimp.dk\/da\/wp-json\/wp\/v2\/types\/page"}],"author":[{"embeddable":true,"href":"https:\/\/theshrimp.dk\/da\/wp-json\/wp\/v2\/users\/2"}],"replies":[{"embeddable":true,"href":"https:\/\/theshrimp.dk\/da\/wp-json\/wp\/v2\/comments?post=943"}],"version-history":[{"count":3,"href":"https:\/\/theshrimp.dk\/da\/wp-json\/wp\/v2\/pages\/943\/revisions"}],"predecessor-version":[{"id":984,"href":"https:\/\/theshrimp.dk\/da\/wp-json\/wp\/v2\/pages\/943\/revisions\/984"}],"wp:featuredmedia":[{"embeddable":true,"href":"https:\/\/theshrimp.dk\/da\/wp-json\/wp\/v2\/media\/944"}],"wp:attachment":[{"href":"https:\/\/theshrimp.dk\/da\/wp-json\/wp\/v2\/media?parent=943"}],"curies":[{"name":"wp","href":"https:\/\/api.w.org\/{rel}","templated":true}]}}